{"id":88,"date":"2025-07-24T11:31:05","date_gmt":"2025-07-24T08:31:05","guid":{"rendered":"https:\/\/pillepeokorraldus.ee\/pillegalooduses\/?page_id=88"},"modified":"2025-07-28T09:19:51","modified_gmt":"2025-07-28T06:19:51","slug":"matkakalender","status":"publish","type":"page","link":"https:\/\/pillepeokorraldus.ee\/pillegalooduses\/matkakalender\/","title":{"rendered":"Matkakalender"},"content":{"rendered":"<p><strong>1. R\u00e4\u00e4tsamatk 20. augustil<\/strong> \u2013 \u201eVabadus vaikuses\u201c (<a href=\"https:\/\/www.facebook.com\/events\/1086958930040355\/?acontext=%7B%22event_action_history%22%3A[%7B%22mechanism%22%3A%22surface%22%2C%22surface%22%3A%22groups_highlight_units%22%7D]%2C%22ref_notif_type%22%3Anull%7D\" target=\"_blank\" rel=\"noopener\">Info ja registreerimine siin<\/a>)<\/p>\n<p><strong>2. Videvikumatk &#8211; Kivihaldja rada. Valgusem\u00e4ng Kostivere Karstialal 09.10.2025<\/strong> (<a href=\"https:\/\/www.facebook.com\/events\/1875780462989488?acontext=%7B%22event_action_history%22%3A[%7B%22extra_data%22%3A%22%22%2C%22mechanism%22%3A%22surface%22%2C%22surface%22%3A%22groups_highlight_units%22%7D%2C%7B%22extra_data%22%3A%22%22%2C%22mechanism%22%3A%22left_rail%22%2C%22surface%22%3A%22bookmark%22%7D%2C%7B%22extra_data%22%3A%22%22%2C%22mechanism%22%3A%22calendar_tab_event%22%2C%22surface%22%3A%22bookmark_calendar%22%7D]%2C%22ref_notif_type%22%3Anull%7D\" target=\"_blank\" rel=\"noopener\">Info ja registreerimine siin<\/a>)<\/p>\n<p><strong>3. R\u00e4\u00e4tsaXpeditsioon \u00d5mma rabas 01.11.2025<\/strong>\u00a0(<a href=\"https:\/\/www.facebook.com\/events\/25059095677012572?acontext=%7B%22event_action_history%22%3A[%7B%22extra_data%22%3A%22%22%2C%22mechanism%22%3A%22calendar_tab_event%22%2C%22surface%22%3A%22bookmark_calendar%22%7D%2C%7B%22extra_data%22%3A%22%22%2C%22mechanism%22%3A%22left_rail%22%2C%22surface%22%3A%22bookmark%22%7D%2C%7B%22extra_data%22%3A%22%22%2C%22mechanism%22%3A%22calendar_tab_event%22%2C%22surface%22%3A%22bookmark_calendar%22%7D]%2C%22ref_notif_type%22%3Anull%7D\" target=\"_blank\" rel=\"noopener\">Info ja registreerimine siin<\/a>)<\/p>\n<p><strong>4. Videviku R\u00e4nnak P\u00e4\u00e4sk\u00fcla rabas \u2013 H\u00e4marus, Vaikus ja Polaroid 13.11.2025<\/strong> (<a href=\"https:\/\/www.facebook.com\/events\/2549905065353612?acontext=%7B%22event_action_history%22%3A[%7B%22mechanism%22%3A%22calendar_tab_event%22%2C%22surface%22%3A%22bookmark_calendar%22%7D]%2C%22ref_notif_type%22%3Anull%7D\" target=\"_blank\" rel=\"noopener\">Info ja registreerimine siin<\/a>)<\/p>\n","protected":false},"excerpt":{"rendered":"<p>1. R\u00e4\u00e4tsamatk 20. augustil \u2013 \u201eVabadus vaikuses\u201c (Info ja registreerimine siin) 2. Videvikumatk &#8211; Kivihaldja rada. Valgusem\u00e4ng Kostivere Karstialal 09.10.2025 (Info ja registreerimine siin) 3. R\u00e4\u00e4tsaXpeditsioon \u00d5mma rabas 01.11.2025\u00a0(Info ja registreerimine siin) 4. Videviku R\u00e4nnak P\u00e4\u00e4sk\u00fcla rabas \u2013 H\u00e4marus, Vaikus ja Polaroid 13.11.2025 (Info ja registreerimine siin)<\/p>\n","protected":false},"author":1,"featured_media":0,"parent":0,"menu_order":0,"comment_status":"closed","ping_status":"closed","template":"","meta":{"footnotes":""},"class_list":["post-88","page","type-page","status-publish","hentry"],"_links":{"self":[{"href":"https:\/\/pillepeokorraldus.ee\/pillegalooduses\/wp-json\/wp\/v2\/pages\/88","targetHints":{"allow":["GET"]}}],"collection":[{"href":"https:\/\/pillepeokorraldus.ee\/pillegalooduses\/wp-json\/wp\/v2\/pages"}],"about":[{"href":"https:\/\/pillepeokorraldus.ee\/pillegalooduses\/wp-json\/wp\/v2\/types\/page"}],"author":[{"embeddable":true,"href":"https:\/\/pillepeokorraldus.ee\/pillegalooduses\/wp-json\/wp\/v2\/users\/1"}],"replies":[{"embeddable":true,"href":"https:\/\/pillepeokorraldus.ee\/pillegalooduses\/wp-json\/wp\/v2\/comments?post=88"}],"version-history":[{"count":4,"href":"https:\/\/pillepeokorraldus.ee\/pillegalooduses\/wp-json\/wp\/v2\/pages\/88\/revisions"}],"predecessor-version":[{"id":112,"href":"https:\/\/pillepeokorraldus.ee\/pillegalooduses\/wp-json\/wp\/v2\/pages\/88\/revisions\/112"}],"wp:attachment":[{"href":"https:\/\/pillepeokorraldus.ee\/pillegalooduses\/wp-json\/wp\/v2\/media?parent=88"}],"curies":[{"name":"wp","href":"https:\/\/api.w.org\/{rel}","templated":true}]}}