{"id":8,"date":"2022-03-09T17:07:20","date_gmt":"2022-03-09T15:07:20","guid":{"rendered":"https:\/\/pillepeokorraldus.ee\/pillegalooduses\/?page_id=8"},"modified":"2023-02-03T16:12:40","modified_gmt":"2023-02-03T14:12:40","slug":"tellimine","status":"publish","type":"page","link":"https:\/\/pillepeokorraldus.ee\/pillegalooduses\/tellimine\/","title":{"rendered":"Tellimine"},"content":{"rendered":"<p>Soovite oma s\u00f5pradega l\u00e4bi viia elamusterohket p\u00e4eva looduses, siis saatke alloleva vormi kaudu oma soovid teele! V\u00f5tame peale seda teiega \u00fchendust ja paneme plaani paika!<\/p>\n<p>V\u00f5i helistage: +372 5650 8056<\/p>\n<form method=\"post\" enctype=\"multipart\/form-data\" id=\"vfbp-form-1\" class=\"vfbp-form\"><div style=\"display:none;\"><label for=\"vfbp-EMAIL-AN8fuQyoDLXem\">If you are human, leave this field blank.<\/label><input size=\"25\" autocomplete=\"off\" type=\"text\" name=\"vfbp-EMAIL-AN8fuQyoDLXem\" value=\"\" id=\"\"><\/div><input type=\"hidden\" name=\"_vfb-timestamp-1\" value=\"1776795175\" id=\"\"><input type=\"hidden\" name=\"_vfb-form-id\" value=\"1\" id=\"\"><div class=\"vfb-col-2 vfb-fieldType-text\" id=\"vfbField1\"><div class=\"vfb-form-group\"><label for=\"vfb-field-1\" class=\"vfb-control-label\">Osalejate arv <span class=\"vfb-required-asterisk\">*<\/span><\/label><div><input id=\"vfb-field-1\" class=\"vfb-form-control\" placeholder=\"\" required=\"required\" type=\"text\" name=\"vfb-field-1\" value=\"\"><\/div><\/div><\/div><div class=\"vfb-col-5 vfb-fieldType-text\" id=\"vfbField2\"><div class=\"vfb-form-group\"><label for=\"vfb-field-2\" class=\"vfb-control-label\">Nimi <span class=\"vfb-required-asterisk\">*<\/span><\/label><div><input id=\"vfb-field-2\" class=\"vfb-form-control\" placeholder=\"\" required=\"required\" type=\"text\" name=\"vfb-field-2\" value=\"\"><\/div><\/div><\/div><div class=\"vfb-col-5 vfb-fieldType-text\" id=\"vfbField3\"><div class=\"vfb-form-group\"><label for=\"vfb-field-3\" class=\"vfb-control-label\">Telefon <span class=\"vfb-required-asterisk\">*<\/span><\/label><div><input id=\"vfb-field-3\" class=\"vfb-form-control\" placeholder=\"\" required=\"required\" type=\"text\" name=\"vfb-field-3\" value=\"\"><\/div><\/div><\/div><div class=\"vfb-clearfix\"><\/div><div class=\"vfb-col-12 vfb-fieldType-textarea\" id=\"vfbField4\"><div class=\"vfb-form-group\"><label for=\"vfb-field-4\" class=\"vfb-control-label\">Kirjeldage oma soovi<\/label><div><textarea id=\"vfb-field-4\" class=\"vfb-form-control\" placeholder=\"\" rows=\"6\" name=\"vfb-field-4\" cols=\"50\"><\/textarea><\/div><\/div><\/div><div class=\"vfb-clearfix\"><\/div><div class=\"vfb-col-12 vfb-fieldType-submit\" id=\"vfbField5\"><button id=\"vfb-field-5\" class=\" btn btn-primary\" placeholder=\"\" type=\"submit\" name=\"_vfb-submit\">Saada<\/button><\/div><div class=\"vfb-clearfix\"><\/div><\/form>\n","protected":false},"excerpt":{"rendered":"<p>Soovite oma s\u00f5pradega l\u00e4bi viia elamusterohket p\u00e4eva looduses, siis saatke alloleva vormi kaudu oma soovid teele! V\u00f5tame peale seda teiega \u00fchendust ja paneme plaani paika! V\u00f5i helistage: +372 5650 8056<\/p>\n","protected":false},"author":1,"featured_media":0,"parent":0,"menu_order":0,"comment_status":"closed","ping_status":"closed","template":"","meta":{"footnotes":""},"class_list":["post-8","page","type-page","status-publish","hentry"],"_links":{"self":[{"href":"https:\/\/pillepeokorraldus.ee\/pillegalooduses\/wp-json\/wp\/v2\/pages\/8","targetHints":{"allow":["GET"]}}],"collection":[{"href":"https:\/\/pillepeokorraldus.ee\/pillegalooduses\/wp-json\/wp\/v2\/pages"}],"about":[{"href":"https:\/\/pillepeokorraldus.ee\/pillegalooduses\/wp-json\/wp\/v2\/types\/page"}],"author":[{"embeddable":true,"href":"https:\/\/pillepeokorraldus.ee\/pillegalooduses\/wp-json\/wp\/v2\/users\/1"}],"replies":[{"embeddable":true,"href":"https:\/\/pillepeokorraldus.ee\/pillegalooduses\/wp-json\/wp\/v2\/comments?post=8"}],"version-history":[{"count":5,"href":"https:\/\/pillepeokorraldus.ee\/pillegalooduses\/wp-json\/wp\/v2\/pages\/8\/revisions"}],"predecessor-version":[{"id":81,"href":"https:\/\/pillepeokorraldus.ee\/pillegalooduses\/wp-json\/wp\/v2\/pages\/8\/revisions\/81"}],"wp:attachment":[{"href":"https:\/\/pillepeokorraldus.ee\/pillegalooduses\/wp-json\/wp\/v2\/media?parent=8"}],"curies":[{"name":"wp","href":"https:\/\/api.w.org\/{rel}","templated":true}]}}