{"id":14,"date":"2022-03-09T17:08:05","date_gmt":"2022-03-09T15:08:05","guid":{"rendered":"https:\/\/pillepeokorraldus.ee\/pillegalooduses\/?page_id=14"},"modified":"2022-03-10T10:05:23","modified_gmt":"2022-03-10T08:05:23","slug":"pille-loodusring","status":"publish","type":"page","link":"https:\/\/pillepeokorraldus.ee\/pillegalooduses\/pille-loodusring\/","title":{"rendered":"Pille Loodusring"},"content":{"rendered":"<div class=\"fusion-fullwidth fullwidth-box fusion-builder-row-1 fusion-flex-container nonhundred-percent-fullwidth non-hundred-percent-height-scrolling\" style=\"background-color: rgba(255,255,255,0);background-position: center center;background-repeat: no-repeat;border-width: 0px 0px 0px 0px;border-color:var(--awb-color3);border-style:solid;\" ><div class=\"fusion-builder-row fusion-row fusion-flex-align-items-flex-start\" style=\"max-width:1248px;margin-left: calc(-4% \/ 2 );margin-right: calc(-4% \/ 2 );\"><div class=\"fusion-layout-column fusion_builder_column fusion-builder-column-0 fusion_builder_column_1_1 1_1 fusion-flex-column\"><div class=\"fusion-column-wrapper fusion-flex-justify-content-flex-start fusion-content-layout-column\" style=\"background-position:left top;background-repeat:no-repeat;-webkit-background-size:cover;-moz-background-size:cover;-o-background-size:cover;background-size:cover;padding: 0px 0px 0px 0px;\"><div class=\"fusion-blog-shortcode fusion-blog-shortcode-1 fusion-blog-archive fusion-blog-layout-medium fusion-blog-pagination\"><div class=\"fusion-posts-container fusion-posts-container-pagination\" data-pages=\"1\"><article id=\"blog-1-post-93\" class=\"fusion-post-medium post-93 post type-post status-publish format-standard has-post-thumbnail hentry category-uudised\">\n\t<style type=\"text\/css\">\n\t\t\n\t\t\n\t\t\n\t\t\n\t\t\t<\/style>\n\n\n\t\t\t<div class=\"fusion-flexslider flexslider fusion-flexslider-loading fusion-post-slideshow\" style=\"\">\n\t\t<ul class=\"slides\">\n\t\t\t\n\t\t\t\t\t\t\t\t\t\t\t\t\t\t<li><div  class=\"fusion-image-wrapper fusion-image-size-fixed\" aria-haspopup=\"true\">\n\t\t\t\t\t\t\t<a href=\"https:\/\/pillepeokorraldus.ee\/pillegalooduses\/pillega-looduses-raatsaxpeditsioon\/\" aria-label=\"Pillega looduses &#8211; R\u00e4\u00e4tsaXpeditsioon\">\n\t\t\t\t\t\t\t<img decoding=\"async\" width=\"320\" height=\"202\" src=\"https:\/\/pillepeokorraldus.ee\/pillegalooduses\/wp-content\/uploads\/2025\/07\/PilleXpeditsioon-320x202.jpg\" class=\"attachment-blog-medium size-blog-medium wp-post-image\" alt=\"\" srcset=\"https:\/\/pillepeokorraldus.ee\/pillegalooduses\/wp-content\/uploads\/2025\/07\/PilleXpeditsioon-320x202.jpg 320w, https:\/\/pillepeokorraldus.ee\/pillegalooduses\/wp-content\/uploads\/2025\/07\/PilleXpeditsioon-700x441.jpg 700w\" sizes=\"(max-width: 320px) 100vw, 320px\" \/>\t\t\t<\/a>\n\t\t\t\t\t\t\t<\/div>\n<\/li>\n\t\t\t\n\t\t\t\n\t\t\t\t\t\t\t\t\t\t\t\t\t\t\t\t\t\t\t\t\t\t\t\t\t\t\t\t\t\t\t\t\t\t\t\t\t\t\t\t\t\t\t\t\t\t\t\t\t\t\t\t\t\t\t\t\t\t\t\t\t\t\t\t\t\t\t\t<\/ul>\n\t<\/div>\n\t<div class=\"fusion-post-content post-content\"><h2 class=\"blog-shortcode-post-title entry-title\"><a href=\"https:\/\/pillepeokorraldus.ee\/pillegalooduses\/pillega-looduses-raatsaxpeditsioon\/\">Pillega looduses &#8211; R\u00e4\u00e4tsaXpeditsioon<\/a><\/h2><div class=\"fusion-post-content-container\"><p>\u00a0Miks tulla R\u00e4\u00e4tsaXpeditsioonile? Et liikuda kohtades, kuhu ei vii \u00fckski tee. R\u00e4\u00e4tsad viivad sind \u00fcle rabade, \u00f5\u00f5tsikute ja samblav\u00e4ljade \u2013 sinna, kus samm ei kanna ja loodus ei soovi, et j\u00e4taksid j\u00e4lje. See pole sport ega lihtsalt matk \u2013 see on kogemus, mida ei m\u00f5\u00f5deta kilomeetrites, vaid tunnetes. \u00a0Unusta, et r\u00e4\u00e4tsad on jalas \u2013 me liigume rabapl\u00e4tudes! Avasta Eesti raba koos kogenud matkajuhi Marko Pillega. Kasutame Quechua Easy SH100 [...]<\/p><\/div><\/div><div class=\"fusion-clearfix\"><\/div><div class=\"fusion-meta-info\"><div class=\"fusion-alignleft\"><span class=\"vcard\" style=\"display: none;\"><span class=\"fn\"><a href=\"https:\/\/pillepeokorraldus.ee\/pillegalooduses\/author\/radmin\/\" title=\"radmin tehtud postitused\" rel=\"author\">radmin<\/a><\/span><\/span><span class=\"updated\" style=\"display:none;\">2025-07-24T13:00:57+03:00<\/span><span>24. juuli 2025<\/span><span class=\"fusion-inline-sep\">|<\/span><a href=\"https:\/\/pillepeokorraldus.ee\/pillegalooduses\/category\/uudised\/\" rel=\"category tag\">Uudised<\/a><span class=\"fusion-inline-sep\">|<\/span><\/div><\/div><\/article>\n<article id=\"blog-1-post-70\" class=\"fusion-post-medium post-70 post type-post status-publish format-standard has-post-thumbnail hentry category-uudised\">\n\t<style type=\"text\/css\">\n\t\t\n\t\t\n\t\t\n\t\t\n\t\t\t<\/style>\n\n\n\t\t\t<div class=\"fusion-flexslider flexslider fusion-flexslider-loading fusion-post-slideshow\" style=\"\">\n\t\t<ul class=\"slides\">\n\t\t\t\n\t\t\t\t\t\t\t\t\t\t\t\t\t\t<li><div  class=\"fusion-image-wrapper fusion-image-size-fixed\" aria-haspopup=\"true\">\n\t\t\t\t\t\t\t<a href=\"https:\/\/pillepeokorraldus.ee\/pillegalooduses\/kopsusambliku-kasvukohti-tuvastamas\/\" aria-label=\"Kopsusambliku kasvukohti tuvastamas\">\n\t\t\t\t\t\t\t<img decoding=\"async\" width=\"320\" height=\"202\" src=\"https:\/\/pillepeokorraldus.ee\/pillegalooduses\/wp-content\/uploads\/2022\/03\/Lobaria_pulmonaria_010108c-320x202.jpeg\" class=\"attachment-blog-medium size-blog-medium wp-post-image\" alt=\"\" srcset=\"https:\/\/pillepeokorraldus.ee\/pillegalooduses\/wp-content\/uploads\/2022\/03\/Lobaria_pulmonaria_010108c-320x202.jpeg 320w, https:\/\/pillepeokorraldus.ee\/pillegalooduses\/wp-content\/uploads\/2022\/03\/Lobaria_pulmonaria_010108c-700x441.jpeg 700w\" sizes=\"(max-width: 320px) 100vw, 320px\" \/>\t\t\t<\/a>\n\t\t\t\t\t\t\t<\/div>\n<\/li>\n\t\t\t\n\t\t\t\n\t\t\t\t\t\t\t\t\t\t\t\t\t\t\t\t\t\t\t\t\t\t\t\t\t\t\t\t\t\t\t\t\t\t\t\t\t\t\t\t\t\t\t\t\t\t\t\t\t\t\t\t\t\t\t\t\t\t\t\t\t\t\t\t\t\t\t\t<\/ul>\n\t<\/div>\n\t<div class=\"fusion-post-content post-content\"><h2 class=\"blog-shortcode-post-title entry-title\"><a href=\"https:\/\/pillepeokorraldus.ee\/pillegalooduses\/kopsusambliku-kasvukohti-tuvastamas\/\">Kopsusambliku kasvukohti tuvastamas<\/a><\/h2><div class=\"fusion-post-content-container\"><p> K\u00fclastades Ubari Loodustarkuse Keskuse \u00fcht matkarada (https:\/\/keskkonnaharidus.ee\/...\/matk-ubari...)\u00a0tuvastasime kopsusambliku kasvukohad. See samblik kasvab v\u00e4ga puhtas keskkonnas. HARILIK KOPSUSAMBLIK ehk LOBARIA PULMONARIA on suur, lehtja keha e. tallusega epif\u00fc\u00fctne samblik. Kasvab v\u00e4ga puhtas looduskohas. Ta koosneb kottseenest, mis on s\u00fcmbiootilises suhtes nii rohevetika kui ka ts\u00fcanobakteriga. Ts\u00fcanobakteri kogumikud paiknevad sageli talluse alumisel pinnal ja on silmatorkavamalt tumedamad kui talluse \u00fclej\u00e4\u00e4nud pind. Kopsusambliku talluse diameeter on enamasti 5\u201315 cm. \u00dcksiku h\u00f5lma [...]<\/p><\/div><\/div><div class=\"fusion-clearfix\"><\/div><div class=\"fusion-meta-info\"><div class=\"fusion-alignleft\"><span class=\"vcard\" style=\"display: none;\"><span class=\"fn\"><a href=\"https:\/\/pillepeokorraldus.ee\/pillegalooduses\/author\/radmin\/\" title=\"radmin tehtud postitused\" rel=\"author\">radmin<\/a><\/span><\/span><span class=\"updated\" style=\"display:none;\">2022-03-29T11:31:08+03:00<\/span><span>29. m\u00e4rts 2022<\/span><span class=\"fusion-inline-sep\">|<\/span><a href=\"https:\/\/pillepeokorraldus.ee\/pillegalooduses\/category\/uudised\/\" rel=\"category tag\">Uudised<\/a><span class=\"fusion-inline-sep\">|<\/span><\/div><\/div><\/article>\n<article id=\"blog-1-post-51\" class=\"fusion-post-medium post-51 post type-post status-publish format-standard has-post-thumbnail hentry category-uudised\">\n\t<style type=\"text\/css\">\n\t\t\n\t\t\n\t\t\n\t\t\n\t\t\t<\/style>\n\n\n\t\t\t<div class=\"fusion-flexslider flexslider fusion-flexslider-loading fusion-post-slideshow\" style=\"\">\n\t\t<ul class=\"slides\">\n\t\t\t\n\t\t\t\t\t\t\t\t\t\t\t\t\t\t<li><div  class=\"fusion-image-wrapper fusion-image-size-fixed\" aria-haspopup=\"true\">\n\t\t\t\t\t\t\t<a href=\"https:\/\/pillepeokorraldus.ee\/pillegalooduses\/lahemaa-jalgrattamatk-loodusgiidiga\/\" aria-label=\"Lahemaa jalgrattamatk loodusgiidiga\">\n\t\t\t\t\t\t\t<img decoding=\"async\" width=\"320\" height=\"202\" src=\"https:\/\/pillepeokorraldus.ee\/pillegalooduses\/wp-content\/uploads\/2022\/03\/Jalgrattamatk-320x202.jpg\" class=\"attachment-blog-medium size-blog-medium wp-post-image\" alt=\"\" srcset=\"https:\/\/pillepeokorraldus.ee\/pillegalooduses\/wp-content\/uploads\/2022\/03\/Jalgrattamatk-320x202.jpg 320w, https:\/\/pillepeokorraldus.ee\/pillegalooduses\/wp-content\/uploads\/2022\/03\/Jalgrattamatk-700x441.jpg 700w\" sizes=\"(max-width: 320px) 100vw, 320px\" \/>\t\t\t<\/a>\n\t\t\t\t\t\t\t<\/div>\n<\/li>\n\t\t\t\n\t\t\t\n\t\t\t\t\t\t\t\t\t\t\t\t\t\t\t\t\t\t\t\t\t\t\t\t\t\t\t\t\t\t\t\t\t\t\t\t\t\t\t\t\t\t\t\t\t\t\t\t\t\t\t\t\t\t\t\t\t\t\t\t\t\t\t\t\t\t\t\t<\/ul>\n\t<\/div>\n\t<div class=\"fusion-post-content post-content\"><h2 class=\"blog-shortcode-post-title entry-title\"><a href=\"https:\/\/pillepeokorraldus.ee\/pillegalooduses\/lahemaa-jalgrattamatk-loodusgiidiga\/\">Lahemaa jalgrattamatk loodusgiidiga<\/a><\/h2><div class=\"fusion-post-content-container\"><p> Suviste jalgrataretkede tellimised on alanud! Tule ja veeda \u00fcks aktiivne p\u00e4ev Lahemaa rahvuspargis! Meie 10 kilomeetrisel Lahemaa jalgrattamatkal k\u00fclastame mitmeid p\u00f5nevaid paiku. Matk on sobilik nii t\u00e4iskasvanutele kui ka lastele. Esimese peatuse teeme Lahemaa p\u00e4rimuskojas, kust edasi s\u00f5idame Muuksi Linnam\u00e4ele, kus laskume k\u00f6iega ka allikat uurima. Meie teele j\u00e4\u00e4vad veel Tsitre rand ja m\u00f5is, kus pakatame lugusid Lahemaa p\u00e4randkultuurist. L\u00f5petuseks k\u00fclastame ka karulaugu kasvukohta. Matka jooksul keedame osalistele [...]<\/p><\/div><\/div><div class=\"fusion-clearfix\"><\/div><div class=\"fusion-meta-info\"><div class=\"fusion-alignleft\"><span class=\"vcard\" style=\"display: none;\"><span class=\"fn\"><a href=\"https:\/\/pillepeokorraldus.ee\/pillegalooduses\/author\/radmin\/\" title=\"radmin tehtud postitused\" rel=\"author\">radmin<\/a><\/span><\/span><span class=\"updated\" style=\"display:none;\">2022-03-10T10:07:21+02:00<\/span><span>10. m\u00e4rts 2022<\/span><span class=\"fusion-inline-sep\">|<\/span><a href=\"https:\/\/pillepeokorraldus.ee\/pillegalooduses\/category\/uudised\/\" rel=\"category tag\">Uudised<\/a><span class=\"fusion-inline-sep\">|<\/span><\/div><\/div><\/article>\n<\/div><\/div><\/div><style type=\"text\/css\">.fusion-body .fusion-builder-column-0{width:100% !important;margin-top : 0px;margin-bottom : 20px;}.fusion-builder-column-0 > .fusion-column-wrapper {padding-top : 0px !important;padding-right : 0px !important;margin-right : 1.92%;padding-bottom : 0px !important;padding-left : 0px !important;margin-left : 1.92%;}@media only screen and (max-width:1024px) {.fusion-body .fusion-builder-column-0{width:100% !important;order : 0;}.fusion-builder-column-0 > .fusion-column-wrapper {margin-right : 1.92%;margin-left : 1.92%;}}@media only screen and (max-width:640px) {.fusion-body .fusion-builder-column-0{width:100% !important;order : 0;}.fusion-builder-column-0 > .fusion-column-wrapper {margin-right : 1.92%;margin-left : 1.92%;}}<\/style><\/div><\/div><style type=\"text\/css\">.fusion-body .fusion-flex-container.fusion-builder-row-1{ padding-top : 0px;margin-top : 0px;padding-right : 0px;padding-bottom : 0px;margin-bottom : 0px;padding-left : 0px;}<\/style><\/div>\n","protected":false},"excerpt":{"rendered":"","protected":false},"author":1,"featured_media":0,"parent":0,"menu_order":0,"comment_status":"closed","ping_status":"closed","template":"","meta":{"footnotes":""},"class_list":["post-14","page","type-page","status-publish","hentry"],"_links":{"self":[{"href":"https:\/\/pillepeokorraldus.ee\/pillegalooduses\/wp-json\/wp\/v2\/pages\/14","targetHints":{"allow":["GET"]}}],"collection":[{"href":"https:\/\/pillepeokorraldus.ee\/pillegalooduses\/wp-json\/wp\/v2\/pages"}],"about":[{"href":"https:\/\/pillepeokorraldus.ee\/pillegalooduses\/wp-json\/wp\/v2\/types\/page"}],"author":[{"embeddable":true,"href":"https:\/\/pillepeokorraldus.ee\/pillegalooduses\/wp-json\/wp\/v2\/users\/1"}],"replies":[{"embeddable":true,"href":"https:\/\/pillepeokorraldus.ee\/pillegalooduses\/wp-json\/wp\/v2\/comments?post=14"}],"version-history":[{"count":4,"href":"https:\/\/pillepeokorraldus.ee\/pillegalooduses\/wp-json\/wp\/v2\/pages\/14\/revisions"}],"predecessor-version":[{"id":58,"href":"https:\/\/pillepeokorraldus.ee\/pillegalooduses\/wp-json\/wp\/v2\/pages\/14\/revisions\/58"}],"wp:attachment":[{"href":"https:\/\/pillepeokorraldus.ee\/pillegalooduses\/wp-json\/wp\/v2\/media?parent=14"}],"curies":[{"name":"wp","href":"https:\/\/api.w.org\/{rel}","templated":true}]}}